{"id":4217,"date":"2023-04-03T21:32:57","date_gmt":"2023-04-04T01:32:57","guid":{"rendered":"https:\/\/ginutrivida.com\/politica-de-privacidade\/"},"modified":"2024-05-27T12:23:42","modified_gmt":"2024-05-27T16:23:42","slug":"politica-de-privacidade","status":"publish","type":"page","link":"https:\/\/ginutrivida.com\/pt-br\/politica-de-privacidade\/","title":{"rendered":"Pol\u00edtica de privacidade"},"content":{"rendered":"<p>Na Gi NutriVida, acess\u00edvel em https:\/\/ginutrivida.com\/, uma de nossas principais prioridades \u00e9 a privacidade de nossos visitantes. Este documento de Pol\u00edtica de Privacidade cont\u00e9m os tipos de informa\u00e7\u00f5es que s\u00e3o coletadas e registradas pela Gi NutriVida e como as usamos.<\/p>\n<p>Se voc\u00ea tiver perguntas adicionais ou precisar de mais informa\u00e7\u00f5es sobre nossa Pol\u00edtica de Privacidade, n\u00e3o hesite em nos contatar.<\/p>\n<h2>Quem Somos<\/h2>\n<p>N\u00f3s somos a GiNutrivida, um portal dedicado a fornecer informa\u00e7\u00f5es sobre sa\u00fade, nutri\u00e7\u00e3o e bem-estar, liderado por Gisele Cannalonga. Nosso site oferece conte\u00fados variados, incluindo artigos, v\u00eddeos e outros recursos educacionais para promover um estilo de vida saud\u00e1vel. O endere\u00e7o do nosso site \u00e9: <a href=\"https:\/\/ginutrivida.com\">https:\/\/ginutri.reiscape.com<\/a>.<\/p>\n<h2>Arquivos de Log<\/h2>\n<p>A Gi NutriVida segue um procedimento padr\u00e3o de uso de arquivos de log. Esses arquivos registram os visitantes quando eles visitam websites. Todas as empresas de hospedagem fazem isso e \u00e9 parte da an\u00e1lise dos servi\u00e7os de hospedagem. As informa\u00e7\u00f5es coletadas pelos arquivos de log incluem endere\u00e7os de protocolo de internet (IP), tipo de navegador, Provedor de Servi\u00e7os de Internet (ISP), data e hora do carimbo, p\u00e1ginas de refer\u00eancia\/sa\u00edda e, possivelmente, o n\u00famero de cliques. Esses dados n\u00e3o est\u00e3o vinculados a nenhuma informa\u00e7\u00e3o que seja pessoalmente identific\u00e1vel. O objetivo das informa\u00e7\u00f5es \u00e9 analisar tend\u00eancias, administrar o site, rastrear o movimento dos usu\u00e1rios no site e reunir informa\u00e7\u00f5es demogr\u00e1ficas. Nossa Pol\u00edtica de Privacidade foi criada com a ajuda do <a href=\"https:\/\/www.privacypolicyonline.com\/privacy-policy-generator\/\">Gerador de Pol\u00edtica de Privacidade<\/a>.<\/p>\n<h2>Cookies e Web Beacons<\/h2>\n<p>Como qualquer outro site, a Gi NutriVida usa &#8220;cookies&#8221;. Esses cookies s\u00e3o usados para armazenar informa\u00e7\u00f5es, incluindo as prefer\u00eancias dos visitantes e as p\u00e1ginas no site que o visitante acessou ou visitou. As informa\u00e7\u00f5es s\u00e3o usadas para otimizar a experi\u00eancia dos usu\u00e1rios, personalizando o conte\u00fado da nossa p\u00e1gina da web com base no tipo de navegador dos visitantes e\/ou outras informa\u00e7\u00f5es.<\/p>\n<p>Para obter mais informa\u00e7\u00f5es gerais sobre cookies, leia o <a href=\"https:\/\/www.privacypolicyonline.com\/what-are-cookies\/\">artigo sobre cookies do Gerador de Pol\u00edtica de Privacidade<\/a>.<\/p>\n<h2>Nossos Parceiros de Publicidade<\/h2>\n<p>Alguns dos anunciantes em nosso site podem usar cookies e web beacons. Nossos parceiros de publicidade est\u00e3o listados abaixo. Cada um de nossos parceiros de publicidade tem sua pr\u00f3pria Pol\u00edtica de Privacidade para suas pol\u00edticas sobre dados de usu\u00e1rios. Para facilitar o acesso, n\u00f3s hiperlinkamos para suas Pol\u00edticas de Privacidade abaixo.<\/p>\n<ul>\n<li>\n<p>Google<\/p>\n<p><a href=\"https:\/\/policies.google.com\/technologies\/ads\">https:\/\/policies.google.com\/technologies\/ads<\/a><\/p>\n<\/li>\n<\/ul>\n<h2>Pol\u00edticas de Privacidade<\/h2>\n<p>Voc\u00ea pode consultar esta lista para encontrar a Pol\u00edtica de Privacidade de cada um dos parceiros de publicidade da Gi NutriVida.<\/p>\n<p>Servidores de an\u00fancios ou redes de an\u00fancios de terceiros usam tecnologias como cookies, JavaScript ou Web Beacons que s\u00e3o usados em seus respectivos an\u00fancios e links que aparecem na Gi NutriVida, que s\u00e3o enviados diretamente para o navegador dos usu\u00e1rios. Eles recebem automaticamente o seu endere\u00e7o IP quando isso ocorre. Essas tecnologias s\u00e3o usadas para medir a efic\u00e1cia de suas campanhas publicit\u00e1rias e\/ou para personalizar o conte\u00fado publicit\u00e1rio que voc\u00ea v\u00ea nos sites que voc\u00ea visita.<\/p>\n<p>Note que a Gi NutriVida n\u00e3o tem acesso ou controle sobre esses cookies que s\u00e3o usados por anunciantes de terceiros.<\/p>\n<h2>Pol\u00edticas de Privacidade de Terceiros<\/h2>\n<p>A Pol\u00edtica de Privacidade da Gi NutriVida n\u00e3o se aplica a outros anunciantes ou sites. Assim, estamos aconselhando voc\u00ea a consultar as respectivas Pol\u00edticas de Privacidade desses servidores de an\u00fancios de terceiros para informa\u00e7\u00f5es mais detalhadas. Pode incluir suas pr\u00e1ticas e instru\u00e7\u00f5es sobre como optar por n\u00e3o participar de certas op\u00e7\u00f5es.<\/p>\n<p>Voc\u00ea pode optar por desativar os cookies atrav\u00e9s das op\u00e7\u00f5es individuais do seu navegador. Para saber informa\u00e7\u00f5es mais detalhadas sobre o gerenciamento de cookies com navegadores espec\u00edficos, pode ser encontrado nos respectivos sites dos navegadores. O que s\u00e3o Cookies?<\/p>\n<h2>Informa\u00e7\u00f5es das Crian\u00e7as<\/h2>\n<p>Outra parte da nossa prioridade \u00e9 adicionar prote\u00e7\u00e3o para as crian\u00e7as enquanto usam a internet. Encorajamos os pais e respons\u00e1veis a observar, participar e\/ou monitorar e orientar suas atividades online.<\/p>\n<p>A Gi NutriVida n\u00e3o coleta intencionalmente nenhuma Informa\u00e7\u00e3o Pessoal Identific\u00e1vel de crian\u00e7as menores de 13 anos. Se voc\u00ea acha que seu filho forneceu esse tipo de informa\u00e7\u00e3o em nosso site, recomendamos que voc\u00ea nos contate imediatamente e faremos os nossos melhores esfor\u00e7os para remover prontamente tais informa\u00e7\u00f5es de nossos registros.<\/p>\n<h2>Pol\u00edtica de Privacidade Online Apenas<\/h2>\n<p>Esta Pol\u00edtica de Privacidade aplica-se apenas \u00e0s nossas atividades online e \u00e9 v\u00e1lida para os visitantes do nosso site com rela\u00e7\u00e3o \u00e0s informa\u00e7\u00f5es que eles compartilharam e\/ou coletaram na Gi NutriVida. Esta pol\u00edtica n\u00e3o se aplica a nenhuma informa\u00e7\u00e3o coletada offline ou por meio de canais que n\u00e3o este site.<\/p>\n<h2>Consentimento<\/h2>\n<p>Ao usar nosso site, voc\u00ea consente com nossa Pol\u00edtica de Privacidade e concorda com seus termos.<\/p>\n<h2>Formul\u00e1rio de Contato<\/h2>\n<p>Ao enviar uma mensagem atrav\u00e9s do formul\u00e1rio de contato, voc\u00ea concorda com os termos desta pol\u00edtica de privacidade. Coletamos seu nome, endere\u00e7o de e-mail e a mensagem enviada para responder \u00e0s suas perguntas ou solicita\u00e7\u00f5es.<\/p>\n<h2>Contate-Nos<\/h2>\n<p>Se voc\u00ea tiver alguma d\u00favida sobre esta Pol\u00edtica de Privacidade, voc\u00ea pode nos contatar em gisele.cannalonga@ginutrivida.com.<\/p>\n","protected":false},"excerpt":{"rendered":"<p>Na Gi NutriVida, acess\u00edvel em https:\/\/ginutrivida.com\/, uma de nossas principais prioridades \u00e9 a privacidade de nossos visitantes. Este documento de Pol\u00edtica de Privacidade cont\u00e9m os tipos de informa\u00e7\u00f5es que s\u00e3o coletadas e registradas pela Gi NutriVida e como as usamos. Se voc\u00ea tiver perguntas adicionais ou precisar de mais informa\u00e7\u00f5es sobre nossa Pol\u00edtica de Privacidade, [&hellip;]<\/p>\n","protected":false},"author":1,"featured_media":0,"parent":0,"menu_order":0,"comment_status":"closed","ping_status":"open","template":"","meta":{"_acf_changed":false,"_monsterinsights_skip_tracking":false,"_monsterinsights_sitenote_active":false,"_monsterinsights_sitenote_note":"","_monsterinsights_sitenote_category":0,"footnotes":""},"class_list":["post-4217","page","type-page","status-publish","hentry"],"acf":[],"_links":{"self":[{"href":"https:\/\/ginutrivida.com\/pt-br\/wp-json\/wp\/v2\/pages\/4217","targetHints":{"allow":["GET"]}}],"collection":[{"href":"https:\/\/ginutrivida.com\/pt-br\/wp-json\/wp\/v2\/pages"}],"about":[{"href":"https:\/\/ginutrivida.com\/pt-br\/wp-json\/wp\/v2\/types\/page"}],"author":[{"embeddable":true,"href":"https:\/\/ginutrivida.com\/pt-br\/wp-json\/wp\/v2\/users\/1"}],"replies":[{"embeddable":true,"href":"https:\/\/ginutrivida.com\/pt-br\/wp-json\/wp\/v2\/comments?post=4217"}],"version-history":[{"count":0,"href":"https:\/\/ginutrivida.com\/pt-br\/wp-json\/wp\/v2\/pages\/4217\/revisions"}],"wp:attachment":[{"href":"https:\/\/ginutrivida.com\/pt-br\/wp-json\/wp\/v2\/media?parent=4217"}],"curies":[{"name":"wp","href":"https:\/\/api.w.org\/{rel}","templated":true}]}}