{"id":1548,"date":"2023-04-08T18:38:44","date_gmt":"2023-04-08T22:38:44","guid":{"rendered":"https:\/\/ginutrivida.com\/sobre\/"},"modified":"2023-05-31T12:28:50","modified_gmt":"2023-05-31T16:28:50","slug":"sobre","status":"publish","type":"page","link":"https:\/\/ginutrivida.com\/pt-br\/sobre\/","title":{"rendered":"Sobre"},"content":{"rendered":"\t\t<div data-elementor-type=\"wp-page\" data-elementor-id=\"1548\" class=\"elementor elementor-1548\" wpc-filter-elementor-widget=\"1\" data-elementor-post-type=\"page\">\n\t\t\t\t<div class=\"elementor-element elementor-element-9560147 e-flex e-con-boxed e-con e-parent\" data-id=\"9560147\" data-element_type=\"container\" data-e-type=\"container\" data-settings=\"{&quot;background_background&quot;:&quot;classic&quot;}\">\n\t\t\t\t\t<div class=\"e-con-inner\">\n\t\t<div class=\"elementor-element elementor-element-f312947 e-con-full animated-slow e-flex elementor-invisible e-con e-child\" data-id=\"f312947\" data-element_type=\"container\" data-e-type=\"container\" data-settings=\"{&quot;animation&quot;:&quot;fadeInLeft&quot;}\">\n\t\t\t\t<div class=\"elementor-element elementor-element-2f1c8b9 elementor-widget elementor-widget-image\" data-id=\"2f1c8b9\" data-element_type=\"widget\" data-e-type=\"widget\" data-widget_type=\"image.default\">\n\t\t\t\t<div class=\"elementor-widget-container\">\n\t\t\t\t\t\t\t\t\t\t\t\t\t\t\t<img fetchpriority=\"high\" decoding=\"async\" width=\"501\" height=\"771\" src=\"https:\/\/ginutrivida.com\/wp-content\/uploads\/2023\/04\/About-Nutricionista-Gisele.png\" class=\"attachment-large size-large wp-image-1073\" alt=\"\" srcset=\"https:\/\/ginutrivida.com\/wp-content\/uploads\/2023\/04\/About-Nutricionista-Gisele.png 501w, https:\/\/ginutrivida.com\/wp-content\/uploads\/2023\/04\/About-Nutricionista-Gisele-195x300.png 195w\" sizes=\"(max-width: 501px) 100vw, 501px\" \/>\t\t\t\t\t\t\t\t\t\t\t\t\t\t\t<\/div>\n\t\t\t\t<\/div>\n\t\t\t\t<div class=\"elementor-element elementor-element-99e3b8a elementor-align-center elementor-hidden-tablet elementor-hidden-mobile elementor-widget elementor-widget-button\" data-id=\"99e3b8a\" data-element_type=\"widget\" data-e-type=\"widget\" data-widget_type=\"button.default\">\n\t\t\t\t<div class=\"elementor-widget-container\">\n\t\t\t\t\t\t\t\t\t<div class=\"elementor-button-wrapper\">\n\t\t\t\t\t<a class=\"elementor-button elementor-button-link elementor-size-sm elementor-animation-grow\" href=\"https:\/\/my.practicebetter.io\/#\/61d661603980330f64c8e552\/bookings?s=61da2a1439803308786b1a5e&#038;step=date\">\n\t\t\t\t\t\t<span class=\"elementor-button-content-wrapper\">\n\t\t\t\t\t\t\t\t\t<span class=\"elementor-button-text\">Marque uma consulta gr\u00e1tis<\/span>\n\t\t\t\t\t<\/span>\n\t\t\t\t\t<\/a>\n\t\t\t\t<\/div>\n\t\t\t\t\t\t\t\t<\/div>\n\t\t\t\t<\/div>\n\t\t\t\t<\/div>\n\t\t<div class=\"elementor-element elementor-element-27167b8 e-con-full e-flex elementor-invisible e-con e-child\" data-id=\"27167b8\" data-element_type=\"container\" data-e-type=\"container\" data-settings=\"{&quot;animation&quot;:&quot;fadeInUp&quot;}\">\n\t\t\t\t<div class=\"elementor-element elementor-element-b590970 elementor-widget elementor-widget-heading\" data-id=\"b590970\" data-element_type=\"widget\" data-e-type=\"widget\" data-widget_type=\"heading.default\">\n\t\t\t\t<div class=\"elementor-widget-container\">\n\t\t\t\t\t<h1 class=\"elementor-heading-title elementor-size-default\">O que fa\u00e7o?<\/h1>\t\t\t\t<\/div>\n\t\t\t\t<\/div>\n\t\t\t\t<div class=\"elementor-element elementor-element-73501f5 elementor-widget elementor-widget-text-editor\" data-id=\"73501f5\" data-element_type=\"widget\" data-e-type=\"widget\" data-widget_type=\"text-editor.default\">\n\t\t\t\t<div class=\"elementor-widget-container\">\n\t\t\t\t\t\t\t\t\tAjudo as pessoas a encontrarem a <strong>felicidade de uma vida mais saud\u00e1vel<\/strong>, oriento-as a recuperar a energia perdida, a alegria de viver, a auto-estima e, acima de tudo, ajudo-as a adoptar h\u00e1bitos de vida saud\u00e1veis \u200b\u200ba longo prazo.\n<br>\nSou graduada pela \u201c<strong>CSNN \u2013 Canadian School of Natural Nutrition<\/strong>\u201d e membro da CSNN Alumni Association; minha designa\u00e7\u00e3o \u00e9, portanto, R.H.N. <strong>(Nutricionista Hol\u00edstica Registrada)<\/strong> ou Nutricionista Hol\u00edstica Registrada em Ont\u00e1rio e Quebec, minha designa\u00e7\u00e3o \u00e9 Food Health, Wellness and Lifestyle Coach.\n\n Eu sou uma coach en perda de peso certificada pelo programa Metabolic Balance. Sou um membro ativo da Associa\u00e7\u00e3o de Naturoterapeutas de Quebec (ANQ). \n \t\t\t\t\t\t\t\t<\/div>\n\t\t\t\t<\/div>\n\t\t\t\t<div class=\"elementor-element elementor-element-ec20952 elementor-align-center elementor-hidden-desktop elementor-mobile-align-justify elementor-widget elementor-widget-button\" data-id=\"ec20952\" data-element_type=\"widget\" data-e-type=\"widget\" data-widget_type=\"button.default\">\n\t\t\t\t<div class=\"elementor-widget-container\">\n\t\t\t\t\t\t\t\t\t<div class=\"elementor-button-wrapper\">\n\t\t\t\t\t<a class=\"elementor-button elementor-button-link elementor-size-sm elementor-animation-grow\" href=\"https:\/\/my.practicebetter.io\/#\/61d661603980330f64c8e552\/bookings?s=61da2a1439803308786b1a5e&#038;step=date\">\n\t\t\t\t\t\t<span class=\"elementor-button-content-wrapper\">\n\t\t\t\t\t\t\t\t\t<span class=\"elementor-button-text\">Marque uma consulta gr\u00e1tis<\/span>\n\t\t\t\t\t<\/span>\n\t\t\t\t\t<\/a>\n\t\t\t\t<\/div>\n\t\t\t\t\t\t\t\t<\/div>\n\t\t\t\t<\/div>\n\t\t\t\t<\/div>\n\t\t<div class=\"elementor-element elementor-element-8bceb55 e-flex e-con-boxed e-con e-child\" data-id=\"8bceb55\" data-element_type=\"container\" data-e-type=\"container\">\n\t\t\t\t\t<div class=\"e-con-inner\">\n\t\t<div class=\"elementor-element elementor-element-2da4a3f e-con-full e-flex e-con e-child\" data-id=\"2da4a3f\" data-element_type=\"container\" data-e-type=\"container\">\n\t\t\t\t<div class=\"elementor-element elementor-element-4d82bd7 elementor-widget elementor-widget-image\" data-id=\"4d82bd7\" data-element_type=\"widget\" data-e-type=\"widget\" data-widget_type=\"image.default\">\n\t\t\t\t<div class=\"elementor-widget-container\">\n\t\t\t\t\t\t\t\t\t\t\t\t\t\t\t<img decoding=\"async\" width=\"220\" height=\"186\" src=\"https:\/\/ginutrivida.com\/wp-content\/uploads\/2023\/04\/Holistic-Consultant-Logo.png\" class=\"attachment-large size-large wp-image-1116\" alt=\"\" \/>\t\t\t\t\t\t\t\t\t\t\t\t\t\t\t<\/div>\n\t\t\t\t<\/div>\n\t\t\t\t<\/div>\n\t\t<div class=\"elementor-element elementor-element-7b4f2ca e-con-full e-flex e-con e-child\" data-id=\"7b4f2ca\" data-element_type=\"container\" data-e-type=\"container\">\n\t\t\t\t<div class=\"elementor-element elementor-element-6dd0cc2 elementor-widget elementor-widget-image\" data-id=\"6dd0cc2\" data-element_type=\"widget\" data-e-type=\"widget\" data-widget_type=\"image.default\">\n\t\t\t\t<div class=\"elementor-widget-container\">\n\t\t\t\t\t\t\t\t\t\t\t\t\t\t\t<img decoding=\"async\" width=\"190\" height=\"131\" src=\"https:\/\/ginutrivida.com\/wp-content\/uploads\/2023\/04\/CSNN.png\" class=\"attachment-large size-large wp-image-1119\" alt=\"\" \/>\t\t\t\t\t\t\t\t\t\t\t\t\t\t\t<\/div>\n\t\t\t\t<\/div>\n\t\t\t\t<\/div>\n\t\t<div class=\"elementor-element elementor-element-5d9d434 e-con-full e-flex e-con e-child\" data-id=\"5d9d434\" data-element_type=\"container\" data-e-type=\"container\">\n\t\t\t\t<div class=\"elementor-element elementor-element-927106c elementor-widget elementor-widget-image\" data-id=\"927106c\" data-element_type=\"widget\" data-e-type=\"widget\" data-widget_type=\"image.default\">\n\t\t\t\t<div class=\"elementor-widget-container\">\n\t\t\t\t\t\t\t\t\t\t\t\t\t\t\t<img loading=\"lazy\" decoding=\"async\" width=\"309\" height=\"93\" src=\"https:\/\/ginutrivida.com\/wp-content\/uploads\/2023\/04\/Metabolic-Balance.png\" class=\"attachment-large size-large wp-image-1122\" alt=\"\" srcset=\"https:\/\/ginutrivida.com\/wp-content\/uploads\/2023\/04\/Metabolic-Balance.png 309w, https:\/\/ginutrivida.com\/wp-content\/uploads\/2023\/04\/Metabolic-Balance-300x90.png 300w\" sizes=\"(max-width: 309px) 100vw, 309px\" \/>\t\t\t\t\t\t\t\t\t\t\t\t\t\t\t<\/div>\n\t\t\t\t<\/div>\n\t\t\t\t<\/div>\n\t\t<div class=\"elementor-element elementor-element-af03b32 e-con-full e-flex e-con e-child\" data-id=\"af03b32\" data-element_type=\"container\" data-e-type=\"container\">\n\t\t\t\t<div class=\"elementor-element elementor-element-9872b57 elementor-widget elementor-widget-image\" data-id=\"9872b57\" data-element_type=\"widget\" data-e-type=\"widget\" data-widget_type=\"image.default\">\n\t\t\t\t<div class=\"elementor-widget-container\">\n\t\t\t\t\t\t\t\t\t\t\t\t\t\t\t<img loading=\"lazy\" decoding=\"async\" width=\"151\" height=\"95\" src=\"https:\/\/ginutrivida.com\/wp-content\/uploads\/2023\/04\/ANQ-3.png\" class=\"attachment-large size-large wp-image-1191\" alt=\"\" \/>\t\t\t\t\t\t\t\t\t\t\t\t\t\t\t<\/div>\n\t\t\t\t<\/div>\n\t\t\t\t<\/div>\n\t\t\t\t\t<\/div>\n\t\t\t\t<\/div>\n\t\t\t\t\t<\/div>\n\t\t\t\t<\/div>\n\t\t<div class=\"elementor-element elementor-element-86e397e animated-slow e-flex e-con-boxed elementor-invisible e-con e-parent\" data-id=\"86e397e\" data-element_type=\"container\" data-e-type=\"container\" data-settings=\"{&quot;background_background&quot;:&quot;classic&quot;,&quot;animation&quot;:&quot;fadeIn&quot;}\">\n\t\t\t\t\t<div class=\"e-con-inner\">\n\t\t\t\t<div class=\"elementor-element elementor-element-e1675fe elementor-widget elementor-widget-text-editor\" data-id=\"e1675fe\" data-element_type=\"widget\" data-e-type=\"widget\" data-settings=\"{&quot;_animation&quot;:&quot;none&quot;}\" data-widget_type=\"text-editor.default\">\n\t\t\t\t<div class=\"elementor-widget-container\">\n\t\t\t\t\t\t\t\t\t<p>Sou apaixonada por sa\u00fade, educa\u00e7\u00e3o alimentar e pela arte de viver. Minha paix\u00e3o \u00e9 ajudar as pessoas a alcan\u00e7ar seus sonhos e criar programas de alimenta\u00e7\u00e3o saud\u00e1vel de alta qualidade.  Sou Brasileira e moro no Canad\u00e1 desde 1995.<\/p>\n\t\t\t\t\t\t\t\t<\/div>\n\t\t\t\t<\/div>\n\t\t\t\t<div class=\"elementor-element elementor-element-cdee3fc elementor-widget elementor-widget-text-editor\" data-id=\"cdee3fc\" data-element_type=\"widget\" data-e-type=\"widget\" data-widget_type=\"text-editor.default\">\n\t\t\t\t<div class=\"elementor-widget-container\">\n\t\t\t\t\t\t\t\t\t<p>Sou m\u00e3e de duas filhas maravilhosas e inspiradoras que me motivam e me incentivam a seguir minha paix\u00e3o. Estarei dispon\u00edvel para trabalhar com voc\u00ea nos seguintes idiomas, franc\u00eas, ingl\u00eas, portugu\u00eas e espanhol.<\/p>\n\t\t\t\t\t\t\t\t<\/div>\n\t\t\t\t<\/div>\n\t\t\t\t<div class=\"elementor-element elementor-element-582f734 elementor-widget elementor-widget-text-editor\" data-id=\"582f734\" data-element_type=\"widget\" data-e-type=\"widget\" data-widget_type=\"text-editor.default\">\n\t\t\t\t<div class=\"elementor-widget-container\">\n\t\t\t\t\t\t\t\t\t<p>Desde que me conhe\u00e7o como pessoa, sempre gostei de <strong>ler sobre sa\u00fade.<\/strong> Eu fazia parte de um grupo de dan\u00e7a na adolescencia, crescendo comecei a amar cada vez mais esportes e alimenta\u00e7ao saud\u00e1vel. Apesar de todo este cuidado, tive problemas de sa\u00fade e tive que fazer interven\u00e7\u00f5es cirurgcas ao longo da minha vida.<\/p>\n\t\t\t\t\t\t\t\t<\/div>\n\t\t\t\t<\/div>\n\t\t\t\t<div class=\"elementor-element elementor-element-1de6cec elementor-widget elementor-widget-text-editor\" data-id=\"1de6cec\" data-element_type=\"widget\" data-e-type=\"widget\" data-widget_type=\"text-editor.default\">\n\t\t\t\t<div class=\"elementor-widget-container\">\n\t\t\t\t\t\t\t\t\tUma raz\u00e3o a mais para investigar o que \u00e9 ser verdadeiramente saud\u00e1vel.\n<br>\nCompreendi melhor quando percebi que n\u00e3o h\u00e1 sa\u00fade sem mudan\u00e7a de h\u00e1bitos. \t\t\t\t\t\t\t\t<\/div>\n\t\t\t\t<\/div>\n\t\t\t\t<div class=\"elementor-element elementor-element-9247178 elementor-widget elementor-widget-text-editor\" data-id=\"9247178\" data-element_type=\"widget\" data-e-type=\"widget\" data-widget_type=\"text-editor.default\">\n\t\t\t\t<div class=\"elementor-widget-container\">\n\t\t\t\t\t\t\t\t\t<p>Nasci em uma fam\u00edlia de <strong>origem italiana<\/strong>, tudo acontecia em torno das refei\u00e7\u00f5es, que eram muito fartas. Na minha fam\u00edlia sempre houve muitos problemas de sa\u00fade e eu sempre quis entender porque existiam tantas doen\u00e7as, como; <strong>diabetes, doen\u00e7as cardiovasculares, hipertens\u00e3o arterial, obesidade, c\u00e2ncer, etc.<\/strong> Foi assim que minha jornada no mundo da nutri\u00e7\u00e3o, esporte e equil\u00edbrio de vida come\u00e7ou.  Estou \u00e0 disposi\u00e7\u00e3o para orientar as pessoas que procuram mudar seus h\u00e1bitos alimentares e estilo de vida para se sentirem melhor f\u00edsicamente e mentalmente e viverem com mais sa\u00fade, sem dores, sem inflama\u00e7\u00f5es, sem tomar rem\u00e9dios e com um peso saud\u00e1vel. <\/p>\n\t\t\t\t\t\t\t\t<\/div>\n\t\t\t\t<\/div>\n\t\t\t\t<div class=\"elementor-element elementor-element-7dc3fc3 elementor-widget elementor-widget-text-editor\" data-id=\"7dc3fc3\" data-element_type=\"widget\" data-e-type=\"widget\" data-widget_type=\"text-editor.default\">\n\t\t\t\t<div class=\"elementor-widget-container\">\n\t\t\t\t\t\t\t\t\t<p>Minha miss\u00e3o \u00e9 <strong>inspirar as pessoas para uma vida mais saud\u00e1vel<\/strong>. Sou uma pessoa muito positiva e acredito no ser humano, para mim todo mundo \u00e9 capaz e forte para fazer boas mudan\u00e7as em sua vida. \u00c0s vezes, tudo o que precisamos \u00e9 de bons conselhos, inspira\u00e7\u00e3o e pessoas motivadas ao seu redor.  O importante \u00e9 acreditar e confiar naquele que te guia. Estou sempre dispon\u00edvel para colabora\u00e7\u00f5es e confer\u00eancias paralelas em todo o mundo. Se voc\u00ea quiser discutir sobre alimenta\u00e7\u00e3o, estilo de vida, receitas ou qualquer outro t\u00f3pico relacionado a uma vida saud\u00e1vel, n\u00e3o hesite em entrar em contato comigo. <\/p>\n\t\t\t\t\t\t\t\t<\/div>\n\t\t\t\t<\/div>\n\t\t\t\t\t<\/div>\n\t\t\t\t<\/div>\n\t\t<div class=\"elementor-element elementor-element-c6ce99c e-flex e-con-boxed e-con e-parent\" data-id=\"c6ce99c\" data-element_type=\"container\" data-e-type=\"container\" data-settings=\"{&quot;background_background&quot;:&quot;classic&quot;,&quot;shape_divider_top&quot;:&quot;waves&quot;}\">\n\t\t\t\t\t<div class=\"e-con-inner\">\n\t\t\t\t<div class=\"elementor-shape elementor-shape-top\" aria-hidden=\"true\" data-negative=\"false\">\n\t\t\t<svg xmlns=\"http:\/\/www.w3.org\/2000\/svg\" viewBox=\"0 0 1000 100\" preserveAspectRatio=\"none\">\n\t<path class=\"elementor-shape-fill\" d=\"M421.9,6.5c22.6-2.5,51.5,0.4,75.5,5.3c23.6,4.9,70.9,23.5,100.5,35.7c75.8,32.2,133.7,44.5,192.6,49.7\n\tc23.6,2.1,48.7,3.5,103.4-2.5c54.7-6,106.2-25.6,106.2-25.6V0H0v30.3c0,0,72,32.6,158.4,30.5c39.2-0.7,92.8-6.7,134-22.4\n\tc21.2-8.1,52.2-18.2,79.7-24.2C399.3,7.9,411.6,7.5,421.9,6.5z\"\/>\n<\/svg>\t\t<\/div>\n\t\t\t\t<div class=\"elementor-element elementor-element-e67766b elementor-invisible elementor-widget elementor-widget-text-editor\" data-id=\"e67766b\" data-element_type=\"widget\" data-e-type=\"widget\" data-settings=\"{&quot;_animation&quot;:&quot;fadeInUp&quot;}\" data-widget_type=\"text-editor.default\">\n\t\t\t\t<div class=\"elementor-widget-container\">\n\t\t\t\t\t\t\t\t\t<strong>&#8220;N\u00e3o \u00e9 sobre ser perfeito, \u00e9 sobre ser persistente.&#8221;<\/strong>\n<br>\nE quando voc\u00ea persevera a cada dia com um objetivo claro e espec\u00edfico de quem voc\u00ea quer se tornar, \u00e9 a\u00ed que a transforma\u00e7\u00e3o acontece.\t\t\t\t\t\t\t\t<\/div>\n\t\t\t\t<\/div>\n\t\t\t\t<div class=\"elementor-element elementor-element-271a375 elementor-align-center elementor-mobile-align-justify elementor-invisible elementor-widget elementor-widget-button\" data-id=\"271a375\" data-element_type=\"widget\" data-e-type=\"widget\" data-settings=\"{&quot;_animation&quot;:&quot;zoomIn&quot;}\" data-widget_type=\"button.default\">\n\t\t\t\t<div class=\"elementor-widget-container\">\n\t\t\t\t\t\t\t\t\t<div class=\"elementor-button-wrapper\">\n\t\t\t\t\t<a class=\"elementor-button elementor-button-link elementor-size-sm elementor-animation-grow\" href=\"https:\/\/my.practicebetter.io\/#\/61d661603980330f64c8e552\/bookings?s=61da2a1439803308786b1a5e&#038;step=date\">\n\t\t\t\t\t\t<span class=\"elementor-button-content-wrapper\">\n\t\t\t\t\t\t\t\t\t<span class=\"elementor-button-text\">Marque uma consulta gr\u00e1tis<\/span>\n\t\t\t\t\t<\/span>\n\t\t\t\t\t<\/a>\n\t\t\t\t<\/div>\n\t\t\t\t\t\t\t\t<\/div>\n\t\t\t\t<\/div>\n\t\t\t\t\t<\/div>\n\t\t\t\t<\/div>\n\t\t\t\t<\/div>\n\t\t","protected":false},"excerpt":{"rendered":"<p>Marque uma consulta gr\u00e1tis O que fa\u00e7o? Ajudo as pessoas a encontrarem a felicidade de uma vida mais saud\u00e1vel, oriento-as a recuperar a energia perdida, a alegria de viver, a auto-estima e, acima de tudo, ajudo-as a adoptar h\u00e1bitos de vida saud\u00e1veis \u200b\u200ba longo prazo. Sou graduada pela \u201cCSNN \u2013 Canadian School of Natural Nutrition\u201d [&hellip;]<\/p>\n","protected":false},"author":1,"featured_media":0,"parent":0,"menu_order":0,"comment_status":"closed","ping_status":"closed","template":"","meta":{"_acf_changed":false,"_monsterinsights_skip_tracking":false,"_monsterinsights_sitenote_active":false,"_monsterinsights_sitenote_note":"","_monsterinsights_sitenote_category":0,"footnotes":""},"class_list":["post-1548","page","type-page","status-publish","hentry"],"acf":[],"_links":{"self":[{"href":"https:\/\/ginutrivida.com\/pt-br\/wp-json\/wp\/v2\/pages\/1548","targetHints":{"allow":["GET"]}}],"collection":[{"href":"https:\/\/ginutrivida.com\/pt-br\/wp-json\/wp\/v2\/pages"}],"about":[{"href":"https:\/\/ginutrivida.com\/pt-br\/wp-json\/wp\/v2\/types\/page"}],"author":[{"embeddable":true,"href":"https:\/\/ginutrivida.com\/pt-br\/wp-json\/wp\/v2\/users\/1"}],"replies":[{"embeddable":true,"href":"https:\/\/ginutrivida.com\/pt-br\/wp-json\/wp\/v2\/comments?post=1548"}],"version-history":[{"count":0,"href":"https:\/\/ginutrivida.com\/pt-br\/wp-json\/wp\/v2\/pages\/1548\/revisions"}],"wp:attachment":[{"href":"https:\/\/ginutrivida.com\/pt-br\/wp-json\/wp\/v2\/media?parent=1548"}],"curies":[{"name":"wp","href":"https:\/\/api.w.org\/{rel}","templated":true}]}}