{"id":1553,"date":"2023-04-08T18:38:44","date_gmt":"2023-04-08T22:38:44","guid":{"rendered":"https:\/\/ginutrivida.com\/a-propos\/"},"modified":"2024-03-24T22:24:59","modified_gmt":"2024-03-25T02:24:59","slug":"a-propos","status":"publish","type":"page","link":"https:\/\/ginutrivida.com\/fr-ca\/a-propos\/","title":{"rendered":"\u00c0 Propos"},"content":{"rendered":"\t\t<div data-elementor-type=\"wp-page\" data-elementor-id=\"1553\" class=\"elementor elementor-1553\" wpc-filter-elementor-widget=\"1\" data-elementor-post-type=\"page\">\n\t\t\t\t<div class=\"elementor-element elementor-element-9560147 e-flex e-con-boxed e-con e-parent\" data-id=\"9560147\" data-element_type=\"container\" data-e-type=\"container\" data-settings=\"{&quot;background_background&quot;:&quot;classic&quot;}\">\n\t\t\t\t\t<div class=\"e-con-inner\">\n\t\t<div class=\"elementor-element elementor-element-f312947 e-con-full animated-slow e-flex elementor-invisible e-con e-child\" data-id=\"f312947\" data-element_type=\"container\" data-e-type=\"container\" data-settings=\"{&quot;animation&quot;:&quot;fadeInLeft&quot;}\">\n\t\t\t\t<div class=\"elementor-element elementor-element-2f1c8b9 elementor-widget elementor-widget-image\" data-id=\"2f1c8b9\" data-element_type=\"widget\" data-e-type=\"widget\" data-widget_type=\"image.default\">\n\t\t\t\t<div class=\"elementor-widget-container\">\n\t\t\t\t\t\t\t\t\t\t\t\t\t\t\t<img fetchpriority=\"high\" decoding=\"async\" width=\"501\" height=\"771\" src=\"https:\/\/ginutrivida.com\/wp-content\/uploads\/2023\/04\/About-Nutricionista-Gisele.png\" class=\"attachment-large size-large wp-image-1072\" alt=\"\" srcset=\"https:\/\/ginutrivida.com\/wp-content\/uploads\/2023\/04\/About-Nutricionista-Gisele.png 501w, https:\/\/ginutrivida.com\/wp-content\/uploads\/2023\/04\/About-Nutricionista-Gisele-195x300.png 195w\" sizes=\"(max-width: 501px) 100vw, 501px\" \/>\t\t\t\t\t\t\t\t\t\t\t\t\t\t\t<\/div>\n\t\t\t\t<\/div>\n\t\t\t\t<div class=\"elementor-element elementor-element-99e3b8a elementor-align-center elementor-hidden-tablet elementor-hidden-mobile elementor-widget elementor-widget-button\" data-id=\"99e3b8a\" data-element_type=\"widget\" data-e-type=\"widget\" data-widget_type=\"button.default\">\n\t\t\t\t<div class=\"elementor-widget-container\">\n\t\t\t\t\t\t\t\t\t<div class=\"elementor-button-wrapper\">\n\t\t\t\t\t<a class=\"elementor-button elementor-button-link elementor-size-sm elementor-animation-grow\" href=\"https:\/\/my.practicebetter.io\/#\/61d661603980330f64c8e552\/bookings?s=61da2a1439803308786b1a5e&#038;step=date\">\n\t\t\t\t\t\t<span class=\"elementor-button-content-wrapper\">\n\t\t\t\t\t\t\t\t\t<span class=\"elementor-button-text\">Planifiez une consultation gratuite<\/span>\n\t\t\t\t\t<\/span>\n\t\t\t\t\t<\/a>\n\t\t\t\t<\/div>\n\t\t\t\t\t\t\t\t<\/div>\n\t\t\t\t<\/div>\n\t\t\t\t<\/div>\n\t\t<div class=\"elementor-element elementor-element-27167b8 e-con-full e-flex elementor-invisible e-con e-child\" data-id=\"27167b8\" data-element_type=\"container\" data-e-type=\"container\" data-settings=\"{&quot;animation&quot;:&quot;fadeInUp&quot;}\">\n\t\t\t\t<div class=\"elementor-element elementor-element-b590970 elementor-widget elementor-widget-heading\" data-id=\"b590970\" data-element_type=\"widget\" data-e-type=\"widget\" data-widget_type=\"heading.default\">\n\t\t\t\t<div class=\"elementor-widget-container\">\n\t\t\t\t\t<h1 class=\"elementor-heading-title elementor-size-default\">Qu\u2019est-ce que je fais?<\/h1>\t\t\t\t<\/div>\n\t\t\t\t<\/div>\n\t\t\t\t<div class=\"elementor-element elementor-element-73501f5 elementor-widget elementor-widget-text-editor\" data-id=\"73501f5\" data-element_type=\"widget\" data-e-type=\"widget\" data-widget_type=\"text-editor.default\">\n\t\t\t\t<div class=\"elementor-widget-container\">\n\t\t\t\t\t\t\t\t\tJ\u2019aide les gens \u00e0 retrouver <strong>le bonheur d\u2019une vie plus saine<\/strong>, je les guide pour retrouver leur \u00e9nergie perdue, leur joie de vivre, leur estime de soi, et surtout je les aide \u00e0 adopter durablement de saines habitudes de vie.\n<br>\nJe suis dipl\u00f4m\u00e9 du \u00ab <strong>CSNN \u2013 Canadian School of Natural Nutrition<\/strong> \u00bb et un membre de CSNN Alumni Association; ma d\u00e9signation est donc R.H.N. <strong>(Registered Holistic Nutritionist)<\/strong> ou\nnutritionniste holistique en Ontario et au Qu\u00e9bec ma d\u00e9signation est Sant\u00e9 alimentaire, Bien-\u00eatre et\nCoach de style de vie. J\u2019ai un dipl\u00f4me de naturopathie de \u00a0\u00bbFaculdade de Naturopatia Cl\u00ednica Avan\u00e7ada\u00a0\u00bb. Je suis un membre actif de l&rsquo;\n\u00a0\u00bbAssociation des Naturopathes Professionnels du Qu\u00e9bec\u00a0\u00bb (ANPQ). Je suis un entra\u00eeneur de perte de poids certifi\u00e9 pour le programme d\u2019\u00e9quilibre m\u00e9tabolique.\t\t\t\t\t\t\t\t<\/div>\n\t\t\t\t<\/div>\n\t\t\t\t<div class=\"elementor-element elementor-element-ec20952 elementor-align-center elementor-hidden-desktop elementor-mobile-align-justify elementor-widget elementor-widget-button\" data-id=\"ec20952\" data-element_type=\"widget\" data-e-type=\"widget\" data-widget_type=\"button.default\">\n\t\t\t\t<div class=\"elementor-widget-container\">\n\t\t\t\t\t\t\t\t\t<div class=\"elementor-button-wrapper\">\n\t\t\t\t\t<a class=\"elementor-button elementor-button-link elementor-size-sm elementor-animation-grow\" href=\"https:\/\/my.practicebetter.io\/#\/61d661603980330f64c8e552\/bookings?s=61da2a1439803308786b1a5e&#038;step=date\">\n\t\t\t\t\t\t<span class=\"elementor-button-content-wrapper\">\n\t\t\t\t\t\t\t\t\t<span class=\"elementor-button-text\">Planifiez une consultation gratuite<\/span>\n\t\t\t\t\t<\/span>\n\t\t\t\t\t<\/a>\n\t\t\t\t<\/div>\n\t\t\t\t\t\t\t\t<\/div>\n\t\t\t\t<\/div>\n\t\t\t\t<\/div>\n\t\t<div class=\"elementor-element elementor-element-565671c e-con-full e-flex e-con e-child\" data-id=\"565671c\" data-element_type=\"container\" data-e-type=\"container\">\n\t\t\t\t<div class=\"elementor-element elementor-element-80166ad elementor-skin-carousel elementor-arrows-yes elementor-pagination-type-bullets elementor-pagination-position-outside elementor-widget elementor-widget-media-carousel\" data-id=\"80166ad\" data-element_type=\"widget\" data-e-type=\"widget\" data-settings=\"{&quot;slides_per_view&quot;:&quot;4&quot;,&quot;slides_to_scroll&quot;:&quot;2&quot;,&quot;space_between&quot;:{&quot;unit&quot;:&quot;px&quot;,&quot;size&quot;:50,&quot;sizes&quot;:[]},&quot;skin&quot;:&quot;carousel&quot;,&quot;effect&quot;:&quot;slide&quot;,&quot;show_arrows&quot;:&quot;yes&quot;,&quot;pagination&quot;:&quot;bullets&quot;,&quot;speed&quot;:500,&quot;autoplay&quot;:&quot;yes&quot;,&quot;autoplay_speed&quot;:5000,&quot;loop&quot;:&quot;yes&quot;,&quot;pause_on_interaction&quot;:&quot;yes&quot;,&quot;space_between_tablet&quot;:{&quot;unit&quot;:&quot;px&quot;,&quot;size&quot;:10,&quot;sizes&quot;:[]},&quot;space_between_mobile&quot;:{&quot;unit&quot;:&quot;px&quot;,&quot;size&quot;:10,&quot;sizes&quot;:[]}}\" data-widget_type=\"media-carousel.default\">\n\t\t\t\t<div class=\"elementor-widget-container\">\n\t\t\t\t\t\t\t\t\t<div class=\"elementor-swiper\">\n\t\t\t\t\t<div class=\"elementor-main-swiper swiper\" role=\"region\" aria-roledescription=\"carousel\" aria-label=\"Diapositives\">\n\t\t\t\t<div class=\"swiper-wrapper\">\n\t\t\t\t\t\t\t\t\t\t\t<div class=\"swiper-slide\" role=\"group\" aria-roledescription=\"slide\">\n\t\t\t\t\t\t\t<a href=\"https:\/\/www.marleentasse.com\/\">\t\t<div class=\"elementor-carousel-image\" role=\"img\" aria-label=\"marlen\" style=\"background-image: url(&#039;https:\/\/ginutrivida.com\/wp-content\/uploads\/2024\/03\/marlen.png&#039;)\">\n\n\t\t\t\n\t\t\t\t\t<\/div>\n\t\t<\/a>\t\t\t\t\t\t<\/div>\n\t\t\t\t\t\t\t\t\t\t\t<div class=\"swiper-slide\" role=\"group\" aria-roledescription=\"slide\">\n\t\t\t\t\t\t\t\t\t<div class=\"elementor-carousel-image\" role=\"img\" aria-label=\"anpq\" style=\"background-image: url(&#039;https:\/\/ginutrivida.com\/wp-content\/uploads\/2024\/03\/anpq.png&#039;)\">\n\n\t\t\t\n\t\t\t\t\t<\/div>\n\t\t\t\t\t\t\t\t<\/div>\n\t\t\t\t\t\t\t\t\t\t\t<div class=\"swiper-slide\" role=\"group\" aria-roledescription=\"slide\">\n\t\t\t\t\t\t\t\t\t<div class=\"elementor-carousel-image\" role=\"img\" aria-label=\"certified-metabolic-balance (1)\" style=\"background-image: url(&#039;https:\/\/ginutrivida.com\/wp-content\/uploads\/2024\/03\/certified-metabolic-balance-1.png&#039;)\">\n\n\t\t\t\n\t\t\t\t\t<\/div>\n\t\t\t\t\t\t\t\t<\/div>\n\t\t\t\t\t\t\t\t\t\t\t<div class=\"swiper-slide\" role=\"group\" aria-roledescription=\"slide\">\n\t\t\t\t\t\t\t\t\t<div class=\"elementor-carousel-image\" role=\"img\" aria-label=\"CSNN\" style=\"background-image: url(&#039;https:\/\/ginutrivida.com\/wp-content\/uploads\/2023\/04\/CSNN.png&#039;)\">\n\n\t\t\t\n\t\t\t\t\t<\/div>\n\t\t\t\t\t\t\t\t<\/div>\n\t\t\t\t\t\t\t\t\t\t\t<div class=\"swiper-slide\" role=\"group\" aria-roledescription=\"slide\">\n\t\t\t\t\t\t\t\t\t<div class=\"elementor-carousel-image\" role=\"img\" aria-label=\"Holistic Consultant Logo\" style=\"background-image: url(&#039;https:\/\/ginutrivida.com\/wp-content\/uploads\/2023\/04\/Holistic-Consultant-Logo.png&#039;)\">\n\n\t\t\t\n\t\t\t\t\t<\/div>\n\t\t\t\t\t\t\t\t<\/div>\n\t\t\t\t\t\t\t\t\t\t\t<div class=\"swiper-slide\" role=\"group\" aria-roledescription=\"slide\">\n\t\t\t\t\t\t\t\t\t<div class=\"elementor-carousel-image\" role=\"img\" aria-label=\"ANQ-3\" style=\"background-image: url(&#039;https:\/\/ginutrivida.com\/wp-content\/uploads\/2023\/04\/ANQ-3.png&#039;)\">\n\n\t\t\t\n\t\t\t\t\t<\/div>\n\t\t\t\t\t\t\t\t<\/div>\n\t\t\t\t\t\t\t\t\t\t\t<div class=\"swiper-slide\" role=\"group\" aria-roledescription=\"slide\">\n\t\t\t\t\t\t\t\t\t<div class=\"elementor-carousel-image\" role=\"img\" aria-label=\"Metabolic Balance\" style=\"background-image: url(&#039;https:\/\/ginutrivida.com\/wp-content\/uploads\/2023\/04\/Metabolic-Balance.png&#039;)\">\n\n\t\t\t\n\t\t\t\t\t<\/div>\n\t\t\t\t\t\t\t\t<\/div>\n\t\t\t\t\t\t\t\t\t<\/div>\n\t\t\t\t\t\t\t\t\t\t\t\t\t\t\t<div class=\"elementor-swiper-button elementor-swiper-button-prev\" role=\"button\" tabindex=\"0\" aria-label=\"Pr\u00e9c\u00e9dent\">\n\t\t\t\t\t\t\t<i aria-hidden=\"true\" class=\"eicon-chevron-left\"><\/i>\t\t\t\t\t\t<\/div>\n\t\t\t\t\t\t<div class=\"elementor-swiper-button elementor-swiper-button-next\" role=\"button\" tabindex=\"0\" aria-label=\"Suivant\">\n\t\t\t\t\t\t\t<i aria-hidden=\"true\" class=\"eicon-chevron-right\"><\/i>\t\t\t\t\t\t<\/div>\n\t\t\t\t\t\t\t\t\t\t\t\t\t\t\t\t<div class=\"swiper-pagination\"><\/div>\n\t\t\t\t\t\t\t\t\t\t\t\t<\/div>\n\t\t\t\t<\/div>\n\t\t\t\t\t\t\t\t<\/div>\n\t\t\t\t<\/div>\n\t\t\t\t<\/div>\n\t\t\t\t\t<\/div>\n\t\t\t\t<\/div>\n\t\t<div class=\"elementor-element elementor-element-86e397e animated-slow e-flex e-con-boxed elementor-invisible e-con e-parent\" data-id=\"86e397e\" data-element_type=\"container\" data-e-type=\"container\" data-settings=\"{&quot;background_background&quot;:&quot;classic&quot;,&quot;animation&quot;:&quot;fadeIn&quot;}\">\n\t\t\t\t\t<div class=\"e-con-inner\">\n\t\t\t\t<div class=\"elementor-element elementor-element-e1675fe elementor-widget elementor-widget-text-editor\" data-id=\"e1675fe\" data-element_type=\"widget\" data-e-type=\"widget\" data-settings=\"{&quot;_animation&quot;:&quot;none&quot;}\" data-widget_type=\"text-editor.default\">\n\t\t\t\t<div class=\"elementor-widget-container\">\n\t\t\t\t\t\t\t\t\t<p>Je suis passionn\u00e9e par la sant\u00e9, l\u2019\u00e9ducation alimentaire et l\u2019art de vivre. Ma passion est d\u2019aider les gens \u00e0 r\u00e9aliser leurs r\u00eaves d\u2019une vie saine et et apprendre aux gens \u00e0 bien manger, \u00e0 faire de meilleurs choix alimentaires et \u00e0 les aider \u00e0 apporter des changements importants \u00e0 leur mode de vie. Je suis originaire du Br\u00e9sil et je vis au Canada depuis 1995.<\/p>\n\t\t\t\t\t\t\t\t<\/div>\n\t\t\t\t<\/div>\n\t\t\t\t<div class=\"elementor-element elementor-element-cdee3fc elementor-widget elementor-widget-text-editor\" data-id=\"cdee3fc\" data-element_type=\"widget\" data-e-type=\"widget\" data-widget_type=\"text-editor.default\">\n\t\t\t\t<div class=\"elementor-widget-container\">\n\t\t\t\t\t\t\t\t\t<p>e suis maman de deux filles merveilleuses et inspirantes qui me motivent et m\u2019encouragent \u00e0 poursuivre ma passion. Je serai disponible pour travailler avec vous dans les langues suivantes, fran\u00e7ais, anglais, portugais et espagnol.<\/p>\n\t\t\t\t\t\t\t\t<\/div>\n\t\t\t\t<\/div>\n\t\t\t\t<div class=\"elementor-element elementor-element-582f734 elementor-widget elementor-widget-text-editor\" data-id=\"582f734\" data-element_type=\"widget\" data-e-type=\"widget\" data-widget_type=\"text-editor.default\">\n\t\t\t\t<div class=\"elementor-widget-container\">\n\t\t\t\t\t\t\t\t\t<p>Depuis que je me connais en tant que personne, j\u2019ai toujours aim\u00e9 <strong>lire sur la sant\u00e9<\/strong>. J\u2019ai fait partie d\u2019un groupe de danse d\u00e8s mon plus jeune \u00e2ge, en grandissant j\u2019ai commenc\u00e9 \u00e0 aimer de plus en plus le sport et la bonne nourriture. Malgr\u00e9 cela, j\u2019ai eu des probl\u00e8mes de sant\u00e9 et j\u2019ai subi des interventions chirurgicales tout au long de ma vie.<\/p>\n\t\t\t\t\t\t\t\t<\/div>\n\t\t\t\t<\/div>\n\t\t\t\t<div class=\"elementor-element elementor-element-1de6cec elementor-widget elementor-widget-text-editor\" data-id=\"1de6cec\" data-element_type=\"widget\" data-e-type=\"widget\" data-widget_type=\"text-editor.default\">\n\t\t\t\t<div class=\"elementor-widget-container\">\n\t\t\t\t\t\t\t\t\tRaison de plus pour enqu\u00eater davantage, ce qui est d\u2019\u00eatre vraiment en bonne sant\u00e9.\n<br>\nJ\u2019ai mieux compris quand j\u2019ai r\u00e9alis\u00e9 qu\u2019il n\u2019y a pas de sant\u00e9 sans changement d\u2019habitudes. \t\t\t\t\t\t\t\t<\/div>\n\t\t\t\t<\/div>\n\t\t\t\t<div class=\"elementor-element elementor-element-9247178 elementor-widget elementor-widget-text-editor\" data-id=\"9247178\" data-element_type=\"widget\" data-e-type=\"widget\" data-widget_type=\"text-editor.default\">\n\t\t\t\t<div class=\"elementor-widget-container\">\n\t\t\t\t\t\t\t\t\t<p>Je suis n\u00e9 dans une famille <strong>d\u2019origine italienne<\/strong>, tout se passait autour des repas, qui \u00e9taient tr\u00e8s abondants. Dans ma famille, il y a toujours eu de nombreux probl\u00e8mes de sant\u00e9 et j\u2019ai toujours voulu comprendre pourquoi il y avait tant de maladies, telles que; <strong>diab\u00e8te, maladies cardiovasculaires, hypertension art\u00e9rielle, ob\u00e9sit\u00e9, cancer, etc.<\/strong> C\u2019est ainsi que mon voyage dans le monde de la nutrition, du sport et de l\u2019\u00e9quilibre de vie a commenc\u00e9. Je suis disponible pour guider les personnes qui cherchent \u00e0 changer leurs habitudes alimentaires et leur mode de vie pour se sentir mieux physiquement et mentalement et vivre plus longtemps en sant\u00e9 sans douleur, sans inflammation, sans prise de m\u00e9dicaments et avec un poids sant\u00e9.<\/p>\n\t\t\t\t\t\t\t\t<\/div>\n\t\t\t\t<\/div>\n\t\t\t\t<div class=\"elementor-element elementor-element-7dc3fc3 elementor-widget elementor-widget-text-editor\" data-id=\"7dc3fc3\" data-element_type=\"widget\" data-e-type=\"widget\" data-widget_type=\"text-editor.default\">\n\t\t\t\t<div class=\"elementor-widget-container\">\n\t\t\t\t\t\t\t\t\t<p>Ma mission est <strong>d\u2019inspirer les gens \u00e0 une vie plus saine<\/strong>. Je suis une personne tr\u00e8s positive et je crois en l\u2019\u00eatre humain, pour moi tout le monde est capable et fort de faire de bons choix dans sa vie. Parfois, tout ce dont nous avons besoin, ce sont de bons conseils, de l\u2019inspiration, des personnes motiv\u00e9es autour de nous et certainement un professionnel qui nous assiste. L\u2019important est de croire et de faire confiance \u00e0 celui qui vous guide. Je suis toujours disponible pour des collaborations parall\u00e8les et des conf\u00e9rences partout dans le monde. Si vous souhaitez discuter d\u2019alimentation, d\u2019hygi\u00e8ne de vie, de recettes ou de tout autre sujet li\u00e9 \u00e0 une vie saine, n\u2019h\u00e9sitez pas \u00e0 communiquer avec moi.<\/p>\n\t\t\t\t\t\t\t\t<\/div>\n\t\t\t\t<\/div>\n\t\t\t\t\t<\/div>\n\t\t\t\t<\/div>\n\t\t<div class=\"elementor-element elementor-element-c6ce99c e-flex e-con-boxed e-con e-parent\" data-id=\"c6ce99c\" data-element_type=\"container\" data-e-type=\"container\" data-settings=\"{&quot;background_background&quot;:&quot;classic&quot;,&quot;shape_divider_top&quot;:&quot;waves&quot;}\">\n\t\t\t\t\t<div class=\"e-con-inner\">\n\t\t\t\t<div class=\"elementor-shape elementor-shape-top\" aria-hidden=\"true\" data-negative=\"false\">\n\t\t\t<svg xmlns=\"http:\/\/www.w3.org\/2000\/svg\" viewBox=\"0 0 1000 100\" preserveAspectRatio=\"none\">\n\t<path class=\"elementor-shape-fill\" d=\"M421.9,6.5c22.6-2.5,51.5,0.4,75.5,5.3c23.6,4.9,70.9,23.5,100.5,35.7c75.8,32.2,133.7,44.5,192.6,49.7\n\tc23.6,2.1,48.7,3.5,103.4-2.5c54.7-6,106.2-25.6,106.2-25.6V0H0v30.3c0,0,72,32.6,158.4,30.5c39.2-0.7,92.8-6.7,134-22.4\n\tc21.2-8.1,52.2-18.2,79.7-24.2C399.3,7.9,411.6,7.5,421.9,6.5z\"\/>\n<\/svg>\t\t<\/div>\n\t\t\t\t<div class=\"elementor-element elementor-element-e67766b elementor-invisible elementor-widget elementor-widget-text-editor\" data-id=\"e67766b\" data-element_type=\"widget\" data-e-type=\"widget\" data-settings=\"{&quot;_animation&quot;:&quot;fadeInUp&quot;}\" data-widget_type=\"text-editor.default\">\n\t\t\t\t<div class=\"elementor-widget-container\">\n\t\t\t\t\t\t\t\t\t<strong>\u00ab\u00a0Il ne s\u2019agit pas d\u2019\u00eatre parfait, il s\u2019agit d\u2019\u00eatre persistant.\u201d<\/strong>\n<br>\nEt lorsque vous pers\u00e9v\u00e9rez chaque jour avec un objectif clair et pr\u00e9cis de qui vous voulez devenir, c\u2019est alors que la transformation se produit.\t\t\t\t\t\t\t\t<\/div>\n\t\t\t\t<\/div>\n\t\t\t\t<div class=\"elementor-element elementor-element-271a375 elementor-align-center elementor-mobile-align-justify elementor-invisible elementor-widget elementor-widget-button\" data-id=\"271a375\" data-element_type=\"widget\" data-e-type=\"widget\" data-settings=\"{&quot;_animation&quot;:&quot;zoomIn&quot;}\" data-widget_type=\"button.default\">\n\t\t\t\t<div class=\"elementor-widget-container\">\n\t\t\t\t\t\t\t\t\t<div class=\"elementor-button-wrapper\">\n\t\t\t\t\t<a class=\"elementor-button elementor-button-link elementor-size-sm elementor-animation-grow\" href=\"https:\/\/my.practicebetter.io\/#\/61d661603980330f64c8e552\/bookings?s=61da2a1439803308786b1a5e&#038;step=date\">\n\t\t\t\t\t\t<span class=\"elementor-button-content-wrapper\">\n\t\t\t\t\t\t\t\t\t<span class=\"elementor-button-text\">Planifiez une consultation gratuite<\/span>\n\t\t\t\t\t<\/span>\n\t\t\t\t\t<\/a>\n\t\t\t\t<\/div>\n\t\t\t\t\t\t\t\t<\/div>\n\t\t\t\t<\/div>\n\t\t\t\t\t<\/div>\n\t\t\t\t<\/div>\n\t\t\t\t<\/div>\n\t\t","protected":false},"excerpt":{"rendered":"<p>Planifiez une consultation gratuite Qu\u2019est-ce que je fais? J\u2019aide les gens \u00e0 retrouver le bonheur d\u2019une vie plus saine, je les guide pour retrouver leur \u00e9nergie perdue, leur joie de vivre, leur estime de soi, et surtout je les aide \u00e0 adopter durablement de saines habitudes de vie. Je suis dipl\u00f4m\u00e9 du \u00ab CSNN \u2013 [&hellip;]<\/p>\n","protected":false},"author":1,"featured_media":0,"parent":0,"menu_order":0,"comment_status":"closed","ping_status":"closed","template":"","meta":{"_acf_changed":false,"_monsterinsights_skip_tracking":false,"_monsterinsights_sitenote_active":false,"_monsterinsights_sitenote_note":"","_monsterinsights_sitenote_category":0,"footnotes":""},"class_list":["post-1553","page","type-page","status-publish","hentry"],"acf":[],"_links":{"self":[{"href":"https:\/\/ginutrivida.com\/fr-ca\/wp-json\/wp\/v2\/pages\/1553","targetHints":{"allow":["GET"]}}],"collection":[{"href":"https:\/\/ginutrivida.com\/fr-ca\/wp-json\/wp\/v2\/pages"}],"about":[{"href":"https:\/\/ginutrivida.com\/fr-ca\/wp-json\/wp\/v2\/types\/page"}],"author":[{"embeddable":true,"href":"https:\/\/ginutrivida.com\/fr-ca\/wp-json\/wp\/v2\/users\/1"}],"replies":[{"embeddable":true,"href":"https:\/\/ginutrivida.com\/fr-ca\/wp-json\/wp\/v2\/comments?post=1553"}],"version-history":[{"count":0,"href":"https:\/\/ginutrivida.com\/fr-ca\/wp-json\/wp\/v2\/pages\/1553\/revisions"}],"wp:attachment":[{"href":"https:\/\/ginutrivida.com\/fr-ca\/wp-json\/wp\/v2\/media?parent=1553"}],"curies":[{"name":"wp","href":"https:\/\/api.w.org\/{rel}","templated":true}]}}