{"id":1526,"date":"2023-04-08T18:41:17","date_gmt":"2023-04-08T22:41:17","guid":{"rendered":"https:\/\/ginutrivida.com\/temoignages\/"},"modified":"2023-05-09T22:02:10","modified_gmt":"2023-05-10T02:02:10","slug":"temoignages","status":"publish","type":"page","link":"https:\/\/ginutrivida.com\/fr-ca\/temoignages\/","title":{"rendered":"T\u00e9moignages"},"content":{"rendered":"\t\t<div data-elementor-type=\"wp-page\" data-elementor-id=\"1526\" class=\"elementor elementor-1526\" wpc-filter-elementor-widget=\"1\" data-elementor-post-type=\"page\">\n\t\t\t\t<div class=\"elementor-element elementor-element-6f68c29 e-flex e-con-boxed e-con e-parent\" data-id=\"6f68c29\" data-element_type=\"container\" data-e-type=\"container\" data-settings=\"{&quot;background_background&quot;:&quot;classic&quot;}\">\n\t\t\t\t\t<div class=\"e-con-inner\">\n\t\t\t\t<div class=\"elementor-element elementor-element-fd3ec45 elementor-widget elementor-widget-heading\" data-id=\"fd3ec45\" data-element_type=\"widget\" data-e-type=\"widget\" data-widget_type=\"heading.default\">\n\t\t\t\t<div class=\"elementor-widget-container\">\n\t\t\t\t\t<h2 class=\"elementor-heading-title elementor-size-default\">Ce que disent mes clients:<\/h2>\t\t\t\t<\/div>\n\t\t\t\t<\/div>\n\t\t\t\t<div class=\"elementor-element elementor-element-85b12db elementor-grid-1 elementor-grid-tablet-2 elementor-grid-mobile-1 elementor-widget elementor-widget-loop-grid\" data-id=\"85b12db\" data-element_type=\"widget\" data-e-type=\"widget\" data-settings=\"{&quot;template_id&quot;:&quot;1112&quot;,&quot;columns&quot;:1,&quot;pagination_type&quot;:&quot;load_more_infinite_scroll&quot;,&quot;_skin&quot;:&quot;post&quot;,&quot;columns_tablet&quot;:&quot;2&quot;,&quot;columns_mobile&quot;:&quot;1&quot;,&quot;edit_handle_selector&quot;:&quot;[data-elementor-type=\\&quot;loop-item\\&quot;]&quot;,&quot;load_more_spinner&quot;:{&quot;value&quot;:&quot;fas fa-spinner&quot;,&quot;library&quot;:&quot;fa-solid&quot;},&quot;row_gap&quot;:{&quot;unit&quot;:&quot;px&quot;,&quot;size&quot;:&quot;&quot;,&quot;sizes&quot;:[]},&quot;row_gap_tablet&quot;:{&quot;unit&quot;:&quot;px&quot;,&quot;size&quot;:&quot;&quot;,&quot;sizes&quot;:[]},&quot;row_gap_mobile&quot;:{&quot;unit&quot;:&quot;px&quot;,&quot;size&quot;:&quot;&quot;,&quot;sizes&quot;:[]}}\" data-widget_type=\"loop-grid.post\">\n\t\t\t\t<div class=\"elementor-widget-container\">\n\t\t\t\t\t\t\t<div class=\"elementor-loop-container elementor-grid\" role=\"list\">\n\t\t<style id=\"loop-1112\">.elementor-1112 .elementor-element.elementor-element-6a7750a{--display:flex;--justify-content:center;--border-radius:20px 20px 20px 20px;--margin-top:15px;--margin-bottom:15px;--margin-left:0px;--margin-right:0px;--padding-top:30px;--padding-bottom:30px;--padding-left:40px;--padding-right:40px;}.elementor-1112 .elementor-element.elementor-element-6a7750a:not(.elementor-motion-effects-element-type-background), .elementor-1112 .elementor-element.elementor-element-6a7750a > .elementor-motion-effects-container > .elementor-motion-effects-layer{background-color:var( --e-global-color-b7bb5cd );}.elementor-1112 .elementor-element.elementor-element-2c5d5ff .elementor-heading-title{font-family:\"VisbyCF\", Sans-serif;font-size:20px;font-weight:600;}.elementor-1112 .elementor-element.elementor-element-147fd79 .elementor-star-rating{font-size:24px;}.elementor-1112 .elementor-element.elementor-element-147fd79 .elementor-star-rating i:not(:last-of-type){margin-inline-end:6px;}.elementor-1112 .elementor-element.elementor-element-147fd79 .elementor-star-rating i:before{color:#F5C342;}.elementor-1112 .elementor-element.elementor-element-147fd79 > .elementor-widget-container{margin:-20px 0px 0px 0px;}.elementor-1112 .elementor-element.elementor-element-fb6902c{font-family:\"VisbyCF\", Sans-serif;font-weight:700;}.elementor-1112 .elementor-element.elementor-element-3873a37 .elementor-tab-content{font-family:\"VisbyCF\", Sans-serif;}@media(max-width:767px){.elementor-1112 .elementor-element.elementor-element-6a7750a{--margin-top:0px;--margin-bottom:0px;--margin-left:5px;--margin-right:50px;--padding-top:30px;--padding-bottom:30px;--padding-left:10px;--padding-right:10px;}}\/* Start custom CSS for toggle, class: .elementor-element-3873a37 *\/.elementor-1112 .elementor-element.elementor-element-3873a37 .elementor-toggle .elementor-tab-content{\r\n    display: block !important;\r\n    padding: 0;\r\n    border-bottom: none;\r\n}\r\n\r\n\r\n.elementor-1112 .elementor-element.elementor-element-3873a37 div#elementor-tab-content-5911{\r\n    max-height: 150px !important;\r\n    overflow: hidden !important;\r\n}\r\n\r\n.elementor-1112 .elementor-element.elementor-element-3873a37 div#elementor-tab-content-5911.elementor-active{\r\n    max-height: 100% !important;\r\n    overflow: hidden !important;\r\n}\r\n\r\n.elementor-1112 .elementor-element.elementor-element-3873a37 .elementor-toggle .elementor-tab-title {\r\n    border: none;\r\n    padding: 0;\r\n}\r\n\r\n.elementor-1112 .elementor-element.elementor-element-3873a37 .elementor-toggle .elementor-tab-title .elementor-toggle-icon.elementor-toggle-icon-left {\r\n    float: left;\r\n    text-align: right;\r\n}\r\n\r\n.elementor-1112 .elementor-element.elementor-element-3873a37 .elementor-toggle-item {\r\n    flex-direction: row-reverse;\r\n    flex-flow: column-reverse;\r\n    flex-direction: column-reverse;\r\n    display: flex;\r\n}\r\n\r\n\r\n.elementor-1112 .elementor-element.elementor-element-3873a37 .elementor-toggle .elementor-tab-title .elementor-toggle-icon {\r\n    display: inline-block;\r\n    width: 100%;\r\n}\r\n\r\n.elementor-1112 .elementor-element.elementor-element-3873a37 .fa-caret-up:before{\r\n    content: \"See less\";\r\n    font-weight: 600;\r\n}\r\n\r\n.elementor-1112 .elementor-element.elementor-element-3873a37 .fa-caret-right:before {\r\n    content: \"Read more\";\r\n}\/* End custom CSS *\/\n\/* Start custom CSS for container, class: .elementor-element-6a7750a *\/.elementor-1112 .elementor-element.elementor-element-6a7750a:before {\r\n    position: absolute;\r\n    margin-top: -30px;\r\n    left: unset;\r\n    right: 70px !important;\r\n    background-image: url(https:\/\/ginutrivida.com\/wp-content\/uploads\/2023\/04\/Quotation.png);\r\n    background-size: contain;\r\n    background-repeat: no-repeat;\r\n    display: inline-block;\r\n    width: 60px;\r\n    height: 60px;\r\n    content: \"\";\r\n   \r\n}\/* End custom CSS *\/<\/style>\t\t<div data-elementor-type=\"loop-item\" data-elementor-id=\"1112\" class=\"elementor elementor-1112 e-loop-item e-loop-item-1100 post-1100 direct_testimonials type-direct_testimonials status-publish hentry\" wpc-filter-elementor-widget=\"1\" data-elementor-post-type=\"elementor_library\" data-custom-edit-handle=\"1\">\n\t\t\t<div class=\"elementor-element elementor-element-6a7750a e-flex e-con-boxed e-con e-parent\" data-id=\"6a7750a\" data-element_type=\"container\" data-e-type=\"container\" data-settings=\"{&quot;background_background&quot;:&quot;classic&quot;}\">\n\t\t\t\t\t<div class=\"e-con-inner\">\n\t\t\t\t<div class=\"elementor-element elementor-element-2c5d5ff elementor-widget elementor-widget-theme-post-title elementor-page-title elementor-widget-heading\" data-id=\"2c5d5ff\" data-element_type=\"widget\" data-e-type=\"widget\" data-widget_type=\"theme-post-title.default\">\n\t\t\t\t<div class=\"elementor-widget-container\">\n\t\t\t\t\t<h1 class=\"elementor-heading-title elementor-size-default\">Pedro<\/h1>\t\t\t\t<\/div>\n\t\t\t\t<\/div>\n\t\t\t\t<div class=\"elementor-element elementor-element-147fd79 elementor--star-style-star_fontawesome elementor-widget elementor-widget-star-rating\" data-id=\"147fd79\" data-element_type=\"widget\" data-e-type=\"widget\" data-widget_type=\"star-rating.default\">\n\t\t\t\t<div class=\"elementor-widget-container\">\n\t\t\t\t\t\t\t<div class=\"elementor-star-rating__wrapper\">\n\t\t\t\t\t\t<div class=\"elementor-star-rating\" itemtype=\"http:\/\/schema.org\/Rating\" itemscope=\"\" itemprop=\"reviewRating\">\n\t\t\t\t<i class=\"elementor-star-full\" aria-hidden=\"true\">&#xE934;<\/i><i class=\"elementor-star-full\" aria-hidden=\"true\">&#xE934;<\/i><i class=\"elementor-star-full\" aria-hidden=\"true\">&#xE934;<\/i><i class=\"elementor-star-full\" aria-hidden=\"true\">&#xE934;<\/i><i class=\"elementor-star-full\" aria-hidden=\"true\">&#xE934;<\/i>\t\t\t\t<span itemprop=\"ratingValue\" class=\"elementor-screen-only\">Rated 5 out of 5<\/span>\n\t\t\t<\/div>\n\t\t<\/div>\n\t\t\t\t\t\t<\/div>\n\t\t\t\t<\/div>\n\t\t\t\t<div class=\"elementor-element elementor-element-fb6902c elementor-widget elementor-widget-text-editor\" data-id=\"fb6902c\" data-element_type=\"widget\" data-e-type=\"widget\" data-widget_type=\"text-editor.default\">\n\t\t\t\t<div class=\"elementor-widget-container\">\n\t\t\t\t\t\t\t\t\t\u00ab\u00a0J\u2019ai perdu 41 livres en 6 mois\u00a0\u00bb\t\t\t\t\t\t\t\t<\/div>\n\t\t\t\t<\/div>\n\t\t\t\t<div class=\"elementor-element elementor-element-3873a37 testimonial-content elementor-widget elementor-widget-toggle\" data-id=\"3873a37\" data-element_type=\"widget\" data-e-type=\"widget\" data-widget_type=\"toggle.default\">\n\t\t\t\t<div class=\"elementor-widget-container\">\n\t\t\t\t\t\t\t<div class=\"elementor-toggle\">\n\t\t\t\t\t\t\t<div class=\"elementor-toggle-item\">\n\t\t\t\t\t<div id=\"elementor-tab-title-5911\" class=\"elementor-tab-title\" data-tab=\"1\" role=\"button\" aria-controls=\"elementor-tab-content-5911\" aria-expanded=\"false\">\n\t\t\t\t\t\t\t\t\t\t\t\t<span class=\"elementor-toggle-icon elementor-toggle-icon-left\" aria-hidden=\"true\">\n\t\t\t\t\t\t\t\t\t\t\t\t\t\t\t<span class=\"elementor-toggle-icon-closed\"><i class=\"fas fa-caret-right\"><\/i><\/span>\n\t\t\t\t\t\t\t\t<span class=\"elementor-toggle-icon-opened\"><i class=\"elementor-toggle-icon-opened fas fa-caret-up\"><\/i><\/span>\n\t\t\t\t\t\t\t\t\t\t\t\t\t<\/span>\n\t\t\t\t\t\t\t\t\t\t\t\t<a class=\"elementor-toggle-title\" tabindex=\"0\"><\/a>\n\t\t\t\t\t<\/div>\n\n\t\t\t\t\t<div id=\"elementor-tab-content-5911\" class=\"elementor-tab-content elementor-clearfix\" data-tab=\"1\" role=\"region\" aria-labelledby=\"elementor-tab-title-5911\">Je tiens \u00e0 remercier Gis\u00e8le pour ses bons conseils pour une meilleure alimentation. Gr\u00e2ce \u00e0 son aide, j\u2019ai jusqu\u2019\u00e0 pr\u00e9sent r\u00e9ussi \u00e0 perdre 41 livres en 6 mois.\r\n\r\nElle \u00e9tait toujours disponible si j\u2019avais des questions.\r\n\r\nJe la recommande \u00e0 tous ceux qui veulent avoir de tr\u00e8s bons r\u00e9sultats de perte de poids et une meilleure qualit\u00e9 de vie. Merci Gis\u00e8le<\/div>\n\t\t\t\t<\/div>\n\t\t\t\t\t\t\t\t<\/div>\n\t\t\t\t\t\t<\/div>\n\t\t\t\t<\/div>\n\t\t\t\t\t<\/div>\n\t\t\t\t<\/div>\n\t\t\t\t<\/div>\n\t\t\t\t<div data-elementor-type=\"loop-item\" data-elementor-id=\"1112\" class=\"elementor elementor-1112 e-loop-item e-loop-item-1099 post-1099 direct_testimonials type-direct_testimonials status-publish hentry\" wpc-filter-elementor-widget=\"1\" data-elementor-post-type=\"elementor_library\" data-custom-edit-handle=\"1\">\n\t\t\t<div class=\"elementor-element elementor-element-6a7750a e-flex e-con-boxed e-con e-parent\" data-id=\"6a7750a\" data-element_type=\"container\" data-e-type=\"container\" data-settings=\"{&quot;background_background&quot;:&quot;classic&quot;}\">\n\t\t\t\t\t<div class=\"e-con-inner\">\n\t\t\t\t<div class=\"elementor-element elementor-element-2c5d5ff elementor-widget elementor-widget-theme-post-title elementor-page-title elementor-widget-heading\" data-id=\"2c5d5ff\" data-element_type=\"widget\" data-e-type=\"widget\" data-widget_type=\"theme-post-title.default\">\n\t\t\t\t<div class=\"elementor-widget-container\">\n\t\t\t\t\t<h1 class=\"elementor-heading-title elementor-size-default\">Brian<\/h1>\t\t\t\t<\/div>\n\t\t\t\t<\/div>\n\t\t\t\t<div class=\"elementor-element elementor-element-147fd79 elementor--star-style-star_fontawesome elementor-widget elementor-widget-star-rating\" data-id=\"147fd79\" data-element_type=\"widget\" data-e-type=\"widget\" data-widget_type=\"star-rating.default\">\n\t\t\t\t<div class=\"elementor-widget-container\">\n\t\t\t\t\t\t\t<div class=\"elementor-star-rating__wrapper\">\n\t\t\t\t\t\t<div class=\"elementor-star-rating\" itemtype=\"http:\/\/schema.org\/Rating\" itemscope=\"\" itemprop=\"reviewRating\">\n\t\t\t\t<i class=\"elementor-star-full\" aria-hidden=\"true\">&#xE934;<\/i><i class=\"elementor-star-full\" aria-hidden=\"true\">&#xE934;<\/i><i class=\"elementor-star-full\" aria-hidden=\"true\">&#xE934;<\/i><i class=\"elementor-star-full\" aria-hidden=\"true\">&#xE934;<\/i><i class=\"elementor-star-full\" aria-hidden=\"true\">&#xE934;<\/i>\t\t\t\t<span itemprop=\"ratingValue\" class=\"elementor-screen-only\">Rated 5 out of 5<\/span>\n\t\t\t<\/div>\n\t\t<\/div>\n\t\t\t\t\t\t<\/div>\n\t\t\t\t<\/div>\n\t\t\t\t<div class=\"elementor-element elementor-element-fb6902c elementor-widget elementor-widget-text-editor\" data-id=\"fb6902c\" data-element_type=\"widget\" data-e-type=\"widget\" data-widget_type=\"text-editor.default\">\n\t\t\t\t<div class=\"elementor-widget-container\">\n\t\t\t\t\t\t\t\t\t\u00ab\u00a0Je suis \u00e9poustoufl\u00e9!\u00a0\u00bb\t\t\t\t\t\t\t\t<\/div>\n\t\t\t\t<\/div>\n\t\t\t\t<div class=\"elementor-element elementor-element-3873a37 testimonial-content elementor-widget elementor-widget-toggle\" data-id=\"3873a37\" data-element_type=\"widget\" data-e-type=\"widget\" data-widget_type=\"toggle.default\">\n\t\t\t\t<div class=\"elementor-widget-container\">\n\t\t\t\t\t\t\t<div class=\"elementor-toggle\">\n\t\t\t\t\t\t\t<div class=\"elementor-toggle-item\">\n\t\t\t\t\t<div id=\"elementor-tab-title-5911\" class=\"elementor-tab-title\" data-tab=\"1\" role=\"button\" aria-controls=\"elementor-tab-content-5911\" aria-expanded=\"false\">\n\t\t\t\t\t\t\t\t\t\t\t\t<span class=\"elementor-toggle-icon elementor-toggle-icon-left\" aria-hidden=\"true\">\n\t\t\t\t\t\t\t\t\t\t\t\t\t\t\t<span class=\"elementor-toggle-icon-closed\"><i class=\"fas fa-caret-right\"><\/i><\/span>\n\t\t\t\t\t\t\t\t<span class=\"elementor-toggle-icon-opened\"><i class=\"elementor-toggle-icon-opened fas fa-caret-up\"><\/i><\/span>\n\t\t\t\t\t\t\t\t\t\t\t\t\t<\/span>\n\t\t\t\t\t\t\t\t\t\t\t\t<a class=\"elementor-toggle-title\" tabindex=\"0\"><\/a>\n\t\t\t\t\t<\/div>\n\n\t\t\t\t\t<div id=\"elementor-tab-content-5911\" class=\"elementor-tab-content elementor-clearfix\" data-tab=\"1\" role=\"region\" aria-labelledby=\"elementor-tab-title-5911\">Je voulais partager quelques mots concernant mon parcours avec le programme que Gisele m\u2019a fait d\u00e9couvrir, et je dois dire que je suis \u00e9poustoufl\u00e9 ! avec mes r\u00e9sultats et je vous en remercie. Au d\u00e9but, avant de faire mon premier pas, je me d\u00e9battais. Mon apparence et la fa\u00e7on dont je me sentais \u00e0 l\u2019int\u00e9rieur, je me sentais malsain. \u00c0 l\u2019aveugle pour comprendre que ma nutrition \u00e9tait mauvaise depuis le d\u00e9but. Apr\u00e8s avoir suivi vos \u00e9tapes, tout a chang\u00e9 ! Mon \u00e9nergie est revenue, j\u2019ai perdu beaucoup de poids ! Je me r\u00e9veille tous les matins sans plus de douleurs corporelles que j\u2019ai toujours eues depuis longtemps. Fini l\u2019anxi\u00e9t\u00e9\/le stress ! Tout \u00e7a parce que j\u2019ai chang\u00e9 ma fa\u00e7on de manger, pour le mieux. Avec toutes les suggestions que vous nous donnez sur ce que nous pouvons manger et le soutien que vous nous apportez vaut chaque centime. C\u2019est une \u00e9vidence et tout le monde peut le faire et obtenir d\u2019excellents r\u00e9sultats et vivre une vie meilleure. Merci, Gisele, de m\u2019avoir aid\u00e9 \u00e0 atteindre mes objectifs de sant\u00e9. Dieu te b\u00e9nisse!<\/div>\n\t\t\t\t<\/div>\n\t\t\t\t\t\t\t\t<\/div>\n\t\t\t\t\t\t<\/div>\n\t\t\t\t<\/div>\n\t\t\t\t\t<\/div>\n\t\t\t\t<\/div>\n\t\t\t\t<\/div>\n\t\t\t\t<div data-elementor-type=\"loop-item\" data-elementor-id=\"1112\" class=\"elementor elementor-1112 e-loop-item e-loop-item-1094 post-1094 direct_testimonials type-direct_testimonials status-publish hentry\" wpc-filter-elementor-widget=\"1\" data-elementor-post-type=\"elementor_library\" data-custom-edit-handle=\"1\">\n\t\t\t<div class=\"elementor-element elementor-element-6a7750a e-flex e-con-boxed e-con e-parent\" data-id=\"6a7750a\" data-element_type=\"container\" data-e-type=\"container\" data-settings=\"{&quot;background_background&quot;:&quot;classic&quot;}\">\n\t\t\t\t\t<div class=\"e-con-inner\">\n\t\t\t\t<div class=\"elementor-element elementor-element-2c5d5ff elementor-widget elementor-widget-theme-post-title elementor-page-title elementor-widget-heading\" data-id=\"2c5d5ff\" data-element_type=\"widget\" data-e-type=\"widget\" data-widget_type=\"theme-post-title.default\">\n\t\t\t\t<div class=\"elementor-widget-container\">\n\t\t\t\t\t<h1 class=\"elementor-heading-title elementor-size-default\">Veronica<\/h1>\t\t\t\t<\/div>\n\t\t\t\t<\/div>\n\t\t\t\t<div class=\"elementor-element elementor-element-147fd79 elementor--star-style-star_fontawesome elementor-widget elementor-widget-star-rating\" data-id=\"147fd79\" data-element_type=\"widget\" data-e-type=\"widget\" data-widget_type=\"star-rating.default\">\n\t\t\t\t<div class=\"elementor-widget-container\">\n\t\t\t\t\t\t\t<div class=\"elementor-star-rating__wrapper\">\n\t\t\t\t\t\t<div class=\"elementor-star-rating\" itemtype=\"http:\/\/schema.org\/Rating\" itemscope=\"\" itemprop=\"reviewRating\">\n\t\t\t\t<i class=\"elementor-star-full\" aria-hidden=\"true\">&#xE934;<\/i><i class=\"elementor-star-full\" aria-hidden=\"true\">&#xE934;<\/i><i class=\"elementor-star-full\" aria-hidden=\"true\">&#xE934;<\/i><i class=\"elementor-star-full\" aria-hidden=\"true\">&#xE934;<\/i><i class=\"elementor-star-full\" aria-hidden=\"true\">&#xE934;<\/i>\t\t\t\t<span itemprop=\"ratingValue\" class=\"elementor-screen-only\">Rated 5 out of 5<\/span>\n\t\t\t<\/div>\n\t\t<\/div>\n\t\t\t\t\t\t<\/div>\n\t\t\t\t<\/div>\n\t\t\t\t<div class=\"elementor-element elementor-element-fb6902c elementor-widget elementor-widget-text-editor\" data-id=\"fb6902c\" data-element_type=\"widget\" data-e-type=\"widget\" data-widget_type=\"text-editor.default\">\n\t\t\t\t<div class=\"elementor-widget-container\">\n\t\t\t\t\t\t\t\t\t\u00ab\u00a0Mon exp\u00e9rience a \u00e9t\u00e9 fantastique\u00a0\u00bb\t\t\t\t\t\t\t\t<\/div>\n\t\t\t\t<\/div>\n\t\t\t\t<div class=\"elementor-element elementor-element-3873a37 testimonial-content elementor-widget elementor-widget-toggle\" data-id=\"3873a37\" data-element_type=\"widget\" data-e-type=\"widget\" data-widget_type=\"toggle.default\">\n\t\t\t\t<div class=\"elementor-widget-container\">\n\t\t\t\t\t\t\t<div class=\"elementor-toggle\">\n\t\t\t\t\t\t\t<div class=\"elementor-toggle-item\">\n\t\t\t\t\t<div id=\"elementor-tab-title-5911\" class=\"elementor-tab-title\" data-tab=\"1\" role=\"button\" aria-controls=\"elementor-tab-content-5911\" aria-expanded=\"false\">\n\t\t\t\t\t\t\t\t\t\t\t\t<span class=\"elementor-toggle-icon elementor-toggle-icon-left\" aria-hidden=\"true\">\n\t\t\t\t\t\t\t\t\t\t\t\t\t\t\t<span class=\"elementor-toggle-icon-closed\"><i class=\"fas fa-caret-right\"><\/i><\/span>\n\t\t\t\t\t\t\t\t<span class=\"elementor-toggle-icon-opened\"><i class=\"elementor-toggle-icon-opened fas fa-caret-up\"><\/i><\/span>\n\t\t\t\t\t\t\t\t\t\t\t\t\t<\/span>\n\t\t\t\t\t\t\t\t\t\t\t\t<a class=\"elementor-toggle-title\" tabindex=\"0\"><\/a>\n\t\t\t\t\t<\/div>\n\n\t\t\t\t\t<div id=\"elementor-tab-content-5911\" class=\"elementor-tab-content elementor-clearfix\" data-tab=\"1\" role=\"region\" aria-labelledby=\"elementor-tab-title-5911\">Je suis tr\u00e8s contente de mon programme aussi de vous avoir comme coach. Mon exp\u00e9rience a \u00e9t\u00e9 fantastique, j\u2019atteins mes objectifs, je suis en forme, j\u2019ai beaucoup moins mal, je reviens \u00e0 moi. J\u2019encourage tous ceux qui sont en mauvaise forme et qui ont besoin d\u2019\u00e9nergie \u00e0 vous contacter. Merci beaucoup Gis\u00e8le<\/div>\n\t\t\t\t<\/div>\n\t\t\t\t\t\t\t\t<\/div>\n\t\t\t\t\t\t<\/div>\n\t\t\t\t<\/div>\n\t\t\t\t\t<\/div>\n\t\t\t\t<\/div>\n\t\t\t\t<\/div>\n\t\t\t\t<\/div>\n\t\t\t\t\t<span class=\"e-load-more-spinner\">\n\t\t\t\t<i aria-hidden=\"true\" class=\"fas fa-spinner\"><\/i>\t\t\t<\/span>\n\t\t\n\t\t\t\t<div class=\"e-load-more-anchor\" data-page=\"1\" data-max-page=\"3\" data-next-page=\"https:\/\/ginutrivida.com\/fr-ca\/wp-json\/wp\/v2\/pages\/1526\/page\/2\/\"><\/div>\n\t\t\t\t<div class=\"e-load-more-message\"><\/div>\n\t\t\t\t\t\t<\/div>\n\t\t\t\t<\/div>\n\t\t\t\t<div class=\"elementor-element elementor-element-88ee77d elementor-widget elementor-widget-html\" data-id=\"88ee77d\" data-element_type=\"widget\" data-e-type=\"widget\" data-widget_type=\"html.default\">\n\t\t\t\t<div class=\"elementor-widget-container\">\n\t\t\t\t\t<script>const testimonialContents = document.querySelectorAll('.testimonial-content');\n\ntestimonialContents.forEach((testimonialContent) => {\n  const testimonialContentHeight = testimonialContent.offsetHeight;\n\n  if (testimonialContentHeight <150) { testimonialContent.querySelector('.elementor-tab-content').style.marginBottom = '-16px'; testimonialContent.querySelector('.elementor-tab-content').style.background = '#eef0f3'; testimonialContent.querySelector('.elementor-tab-content').style.zIndex = '9'; } }); <\/script>\t\t\t\t<\/div>\n\t\t\t\t<\/div>\n\t\t\t\t\t<\/div>\n\t\t\t\t<\/div>\n\t\t\t\t<\/div>\n\t\t","protected":false},"excerpt":{"rendered":"<p>Ce que disent mes clients:<\/p>\n","protected":false},"author":1,"featured_media":0,"parent":0,"menu_order":0,"comment_status":"closed","ping_status":"closed","template":"","meta":{"_acf_changed":false,"_monsterinsights_skip_tracking":false,"_monsterinsights_sitenote_active":false,"_monsterinsights_sitenote_note":"","_monsterinsights_sitenote_category":0,"footnotes":""},"class_list":["post-1526","page","type-page","status-publish","hentry"],"acf":[],"_links":{"self":[{"href":"https:\/\/ginutrivida.com\/fr-ca\/wp-json\/wp\/v2\/pages\/1526","targetHints":{"allow":["GET"]}}],"collection":[{"href":"https:\/\/ginutrivida.com\/fr-ca\/wp-json\/wp\/v2\/pages"}],"about":[{"href":"https:\/\/ginutrivida.com\/fr-ca\/wp-json\/wp\/v2\/types\/page"}],"author":[{"embeddable":true,"href":"https:\/\/ginutrivida.com\/fr-ca\/wp-json\/wp\/v2\/users\/1"}],"replies":[{"embeddable":true,"href":"https:\/\/ginutrivida.com\/fr-ca\/wp-json\/wp\/v2\/comments?post=1526"}],"version-history":[{"count":0,"href":"https:\/\/ginutrivida.com\/fr-ca\/wp-json\/wp\/v2\/pages\/1526\/revisions"}],"wp:attachment":[{"href":"https:\/\/ginutrivida.com\/fr-ca\/wp-json\/wp\/v2\/media?parent=1526"}],"curies":[{"name":"wp","href":"https:\/\/api.w.org\/{rel}","templated":true}]}}